{"id":3051,"date":"2020-09-21T16:44:48","date_gmt":"2020-09-21T16:44:48","guid":{"rendered":"https:\/\/villaromanticacorfu.com\/accommodation\/"},"modified":"2021-07-26T09:48:16","modified_gmt":"2021-07-26T09:48:16","slug":"accommodation","status":"publish","type":"page","link":"https:\/\/villaromanticacorfu.com\/de\/accommodation\/","title":{"rendered":"Unterkunft"},"content":{"rendered":"\n<style>.wp-block-gutenbee-heading.block-5a0b14-ce14-4f { margin-bottom: 5px; font-size: 36px; text-align: center; }<\/style><h2 id=\"block-5a0b14-ce14-4f\" class=\"wp-block-gutenbee-heading block-5a0b14-ce14-4f\">\u291c UNSERE WOHNUNGEN \u291b<\/h2>\n\n\n\n<h2 style=\"text-align:center;font-family:'Pinyon Script', cursive;font-size:1.5em;letter-spacing:1px;\">Komfort erleben &amp; Ruhe <\/h2>\n\n\n\n<style>.wp-block-gutenbee-paragraph.block-41d24a-d772-46 { text-align: center; }<\/style><p id=\"block-41d24a-d772-46\" class=\"wp-block-gutenbee-paragraph block-41d24a-d772-46\">Die Villa Romantica ist ein Geb\u00e4ude, das aus f\u00fcnf privaten Einheiten besteht, mit privatem Parkplatz und Au\u00dfenpool. Alle Apartments teilen sich einen gro\u00dfen Swimmingpool mit bequemen Sonnenliegen und Sonnenschirmen im Freien in einem riesigen Garten mit wundersch\u00f6nen Landschaften.<\/p>\n\n\n<div\n\t\t\t\tid=\"block-\"\n\t\t\t\tclass=\"wp-block-gutenbee-post-types block- is-style-default\"\n\t\t\t\t\t\t\t><div class=\"row row-items row-columns-2\">\t\t\t\t<div class=\"apartment term-9 col-md-6 col-12\">\n<div id=\"entry-item-3151\" class=\"entry-item post-3151 ignition-accommodati type-ignition-accommodati status-publish has-post-thumbnail hentry ignition_accommodation_category-apartment\">\n\t\t\t<figure class=\"entry-item-thumb\">\n\t\t\t<a href=\"https:\/\/villaromanticacorfu.com\/de\/accommodation\/apartment-1\/\">\n\t\t\t\t<img width=\"615\" height=\"410\" src=\"https:\/\/villaromanticacorfu.com\/wp-content\/uploads\/2021\/07\/136A0305-615x410.jpg\" class=\"attachment-ignition_item size-ignition_item wp-post-image\" alt=\"\" loading=\"lazy\" srcset=\"https:\/\/villaromanticacorfu.com\/wp-content\/uploads\/2021\/07\/136A0305-615x410.jpg 615w, https:\/\/villaromanticacorfu.com\/wp-content\/uploads\/2021\/07\/136A0305-300x200.jpg 300w, https:\/\/villaromanticacorfu.com\/wp-content\/uploads\/2021\/07\/136A0305-1024x683.jpg 1024w, https:\/\/villaromanticacorfu.com\/wp-content\/uploads\/2021\/07\/136A0305-768x513.jpg 768w, https:\/\/villaromanticacorfu.com\/wp-content\/uploads\/2021\/07\/136A0305-1536x1025.jpg 1536w, https:\/\/villaromanticacorfu.com\/wp-content\/uploads\/2021\/07\/136A0305-2048x1367.jpg 2048w, https:\/\/villaromanticacorfu.com\/wp-content\/uploads\/2021\/07\/136A0305-870x580.jpg 870w, https:\/\/villaromanticacorfu.com\/wp-content\/uploads\/2021\/07\/136A0305-1170x780.jpg 1170w\" sizes=\"(max-width: 615px) 100vw, 615px\" \/>\t\t\t<\/a>\n\t\t<\/figure>\n\t\n\t<div class=\"entry-item-content\">\n\t\t<h2 class=\"entry-item-title\"><a href=\"https:\/\/villaromanticacorfu.com\/de\/accommodation\/apartment-1\/\">WOHNUNG 1<\/a><\/h2>\n\t\t\t\t\t<div class=\"entry-item-excerpt\">\n\t\t\t\t<p>Bis zu 3 Personen \/ 35 m <sup> 2 <\/ sup><\/p>\n\t\t\t<\/div>\n\t\t\n\t\t<a href=\"https:\/\/villaromanticacorfu.com\/de\/accommodation\/apartment-1\/\" class=\"btn btn-entry-more\">\n\t\t\tLearn More\t\t<\/a>\n\t<\/div>\n<\/div>\n<\/div>\t\t\t\t<div class=\"apartment term-9 col-md-6 col-12\">\n<div id=\"entry-item-3131\" class=\"entry-item post-3131 ignition-accommodati type-ignition-accommodati status-publish has-post-thumbnail hentry ignition_accommodation_category-apartment\">\n\t\t\t<figure class=\"entry-item-thumb\">\n\t\t\t<a href=\"https:\/\/villaromanticacorfu.com\/de\/accommodation\/apartment-2\/\">\n\t\t\t\t<img width=\"615\" height=\"410\" src=\"https:\/\/villaromanticacorfu.com\/wp-content\/uploads\/2021\/07\/136A9682-615x410.jpg\" class=\"attachment-ignition_item size-ignition_item wp-post-image\" alt=\"\" loading=\"lazy\" srcset=\"https:\/\/villaromanticacorfu.com\/wp-content\/uploads\/2021\/07\/136A9682-615x410.jpg 615w, https:\/\/villaromanticacorfu.com\/wp-content\/uploads\/2021\/07\/136A9682-300x200.jpg 300w, https:\/\/villaromanticacorfu.com\/wp-content\/uploads\/2021\/07\/136A9682-768x512.jpg 768w, https:\/\/villaromanticacorfu.com\/wp-content\/uploads\/2021\/07\/136A9682-870x580.jpg 870w, https:\/\/villaromanticacorfu.com\/wp-content\/uploads\/2021\/07\/136A9682.jpg 1000w\" sizes=\"(max-width: 615px) 100vw, 615px\" \/>\t\t\t<\/a>\n\t\t<\/figure>\n\t\n\t<div class=\"entry-item-content\">\n\t\t<h2 class=\"entry-item-title\"><a href=\"https:\/\/villaromanticacorfu.com\/de\/accommodation\/apartment-2\/\">WOHNUNG 2<\/a><\/h2>\n\t\t\t\t\t<div class=\"entry-item-excerpt\">\n\t\t\t\t<p>Bis zu 5 Personen \/ 70 m <sup> 2 <\/ sup><\/p>\n\t\t\t<\/div>\n\t\t\n\t\t<a href=\"https:\/\/villaromanticacorfu.com\/de\/accommodation\/apartment-2\/\" class=\"btn btn-entry-more\">\n\t\t\tLearn More\t\t<\/a>\n\t<\/div>\n<\/div>\n<\/div>\t\t\t\t<div class=\"apartment term-9 col-md-6 col-12\">\n<div id=\"entry-item-3152\" class=\"entry-item post-3152 ignition-accommodati type-ignition-accommodati status-publish has-post-thumbnail hentry ignition_accommodation_category-apartment\">\n\t\t\t<figure class=\"entry-item-thumb\">\n\t\t\t<a href=\"https:\/\/villaromanticacorfu.com\/de\/accommodation\/apartment-3\/\">\n\t\t\t\t<img width=\"615\" height=\"410\" src=\"https:\/\/villaromanticacorfu.com\/wp-content\/uploads\/2021\/07\/136A1721-615x410.jpg\" class=\"attachment-ignition_item size-ignition_item wp-post-image\" alt=\"\" loading=\"lazy\" srcset=\"https:\/\/villaromanticacorfu.com\/wp-content\/uploads\/2021\/07\/136A1721-615x410.jpg 615w, https:\/\/villaromanticacorfu.com\/wp-content\/uploads\/2021\/07\/136A1721-300x200.jpg 300w, https:\/\/villaromanticacorfu.com\/wp-content\/uploads\/2021\/07\/136A1721-768x512.jpg 768w, https:\/\/villaromanticacorfu.com\/wp-content\/uploads\/2021\/07\/136A1721-870x580.jpg 870w, https:\/\/villaromanticacorfu.com\/wp-content\/uploads\/2021\/07\/136A1721.jpg 1000w\" sizes=\"(max-width: 615px) 100vw, 615px\" \/>\t\t\t<\/a>\n\t\t<\/figure>\n\t\n\t<div class=\"entry-item-content\">\n\t\t<h2 class=\"entry-item-title\"><a href=\"https:\/\/villaromanticacorfu.com\/de\/accommodation\/apartment-3\/\">WOHNUNG 3<\/a><\/h2>\n\t\t\t\t\t<div class=\"entry-item-excerpt\">\n\t\t\t\t<p>Bis zu 5 Personen \/ 120 m <sup> 2 <\/ sup><\/p>\n\t\t\t<\/div>\n\t\t\n\t\t<a href=\"https:\/\/villaromanticacorfu.com\/de\/accommodation\/apartment-3\/\" class=\"btn btn-entry-more\">\n\t\t\tLearn More\t\t<\/a>\n\t<\/div>\n<\/div>\n<\/div>\t\t\t\t<div class=\"apartment term-9 col-md-6 col-12\">\n<div id=\"entry-item-3155\" class=\"entry-item post-3155 ignition-accommodati type-ignition-accommodati status-publish has-post-thumbnail hentry ignition_accommodation_category-apartment\">\n\t\t\t<figure class=\"entry-item-thumb\">\n\t\t\t<a href=\"https:\/\/villaromanticacorfu.com\/de\/accommodation\/apartment-4\/\">\n\t\t\t\t<img width=\"615\" height=\"410\" src=\"https:\/\/villaromanticacorfu.com\/wp-content\/uploads\/2020\/09\/136A0916-615x410.jpg\" class=\"attachment-ignition_item size-ignition_item wp-post-image\" alt=\"\" loading=\"lazy\" srcset=\"https:\/\/villaromanticacorfu.com\/wp-content\/uploads\/2020\/09\/136A0916-615x410.jpg 615w, https:\/\/villaromanticacorfu.com\/wp-content\/uploads\/2020\/09\/136A0916-300x200.jpg 300w, https:\/\/villaromanticacorfu.com\/wp-content\/uploads\/2020\/09\/136A0916-768x512.jpg 768w, https:\/\/villaromanticacorfu.com\/wp-content\/uploads\/2020\/09\/136A0916-870x580.jpg 870w, https:\/\/villaromanticacorfu.com\/wp-content\/uploads\/2020\/09\/136A0916.jpg 1000w\" sizes=\"(max-width: 615px) 100vw, 615px\" \/>\t\t\t<\/a>\n\t\t<\/figure>\n\t\n\t<div class=\"entry-item-content\">\n\t\t<h2 class=\"entry-item-title\"><a href=\"https:\/\/villaromanticacorfu.com\/de\/accommodation\/apartment-4\/\">WOHNUNG 4<\/a><\/h2>\n\t\t\t\t\t<div class=\"entry-item-excerpt\">\n\t\t\t\t<p>Bis zu 5 Personen \/ 70 m <sup> 2 <\/ sup><\/p>\n\t\t\t<\/div>\n\t\t\n\t\t<a href=\"https:\/\/villaromanticacorfu.com\/de\/accommodation\/apartment-4\/\" class=\"btn btn-entry-more\">\n\t\t\tLearn More\t\t<\/a>\n\t<\/div>\n<\/div>\n<\/div>\t\t\t\t<div class=\"apartment term-9 col-md-6 col-12\">\n<div id=\"entry-item-3157\" class=\"entry-item post-3157 ignition-accommodati type-ignition-accommodati status-publish has-post-thumbnail hentry ignition_accommodation_category-apartment\">\n\t\t\t<figure class=\"entry-item-thumb\">\n\t\t\t<a href=\"https:\/\/villaromanticacorfu.com\/de\/accommodation\/apartment-5\/\">\n\t\t\t\t<img width=\"615\" height=\"410\" src=\"https:\/\/villaromanticacorfu.com\/wp-content\/uploads\/2020\/09\/136A0691-615x410.jpg\" class=\"attachment-ignition_item size-ignition_item wp-post-image\" alt=\"\" loading=\"lazy\" srcset=\"https:\/\/villaromanticacorfu.com\/wp-content\/uploads\/2020\/09\/136A0691-615x410.jpg 615w, https:\/\/villaromanticacorfu.com\/wp-content\/uploads\/2020\/09\/136A0691-300x200.jpg 300w, https:\/\/villaromanticacorfu.com\/wp-content\/uploads\/2020\/09\/136A0691-768x511.jpg 768w, https:\/\/villaromanticacorfu.com\/wp-content\/uploads\/2020\/09\/136A0691-870x580.jpg 870w, https:\/\/villaromanticacorfu.com\/wp-content\/uploads\/2020\/09\/136A0691.jpg 1000w\" sizes=\"(max-width: 615px) 100vw, 615px\" \/>\t\t\t<\/a>\n\t\t<\/figure>\n\t\n\t<div class=\"entry-item-content\">\n\t\t<h2 class=\"entry-item-title\"><a href=\"https:\/\/villaromanticacorfu.com\/de\/accommodation\/apartment-5\/\">WOHNUNG 5<\/a><\/h2>\n\t\t\t\t\t<div class=\"entry-item-excerpt\">\n\t\t\t\t<p>Bis zu 5 Personen \/ 120 m <sup> 2 <\/ sup><\/p>\n\t\t\t<\/div>\n\t\t\n\t\t<a href=\"https:\/\/villaromanticacorfu.com\/de\/accommodation\/apartment-5\/\" class=\"btn btn-entry-more\">\n\t\t\tLearn More\t\t<\/a>\n\t<\/div>\n<\/div>\n<\/div><\/div><\/div>\n\n\n<style>.wp-block-gutenbee-heading.block-ca23a7-0a7d-41 { margin-bottom: 5px; font-size: 36px; text-align: center; }<\/style><h2 id=\"block-ca23a7-0a7d-41\" class=\"wp-block-gutenbee-heading block-ca23a7-0a7d-41\">\u291c NETTE WORTE \u291b<\/h2>\n\n\n\n<h2 style=\"text-align:center;font-family:'Pinyon Script', cursive;font-size:1.5em;letter-spacing:1px;\">G\u00e4stebewertungen<\/h2>\n\n\n\n<div class=\"wp-container-4 wp-block-columns\">\n<div class=\"wp-container-1 wp-block-column\">\n<figure class=\"wp-block-pullquote alignleft has-background has-theme-blue-background-color is-style-solid-color\"><blockquote class=\"has-text-color has-white-color\"><p>&#8220;Everything was nice the pool and area is amazing and Micheal made our stay very nice and comfortable would definitely recommend staying here.&#8221;<\/p><cite>CARL, UNITED KINGDOM<\/cite><\/blockquote><\/figure>\n<\/div>\n\n\n\n<div class=\"wp-container-2 wp-block-column\">\n<figure class=\"wp-block-pullquote has-background is-style-solid-color\" style=\"background-color:#0188e4\"><blockquote class=\"has-text-color has-white-color\"><p>\u201cWe loved the welcome from Michaelis, his excellent advice &amp; the family aspect of the rental. You come to Villa Romantica to find the warmth you will not have anywhere else! \u201d&nbsp;<\/p><cite>MEHDI, FRANCE<\/cite><\/blockquote><\/figure>\n<\/div>\n\n\n\n<div class=\"wp-container-3 wp-block-column\">\n<figure class=\"wp-block-pullquote alignright has-background has-theme-blue-background-color is-style-solid-color\"><blockquote class=\"has-text-color\" style=\"color:#ffffff\"><p>\u201cBeautiful location with great views of the valley &amp; a beautiful pool. Landlord very friendly and helpful. Good, central starting point for excursions on the whole island.\u201d&nbsp;<\/p><cite>MARK, GERMANY<\/cite><\/blockquote><\/figure>\n<\/div>\n<\/div>\n","protected":false},"excerpt":{"rendered":"<p>Your home away from home<\/p>\n","protected":false},"author":1,"featured_media":0,"parent":0,"menu_order":0,"comment_status":"closed","ping_status":"closed","template":"templates\/template-fullwidth-boxed.php","meta":[],"yoast_head":"<!-- This site is optimized with the Yoast SEO plugin v20.0 - https:\/\/yoast.com\/wordpress\/plugins\/seo\/ -->\n<title>Unterkunft - Villa Romantica<\/title>\n<meta name=\"robots\" content=\"index, follow, max-snippet:-1, max-image-preview:large, max-video-preview:-1\" \/>\n<link rel=\"canonical\" href=\"https:\/\/villaromanticacorfu.com\/de\/accommodation\/\" \/>\n<meta property=\"og:locale\" content=\"de_DE\" \/>\n<meta property=\"og:type\" content=\"article\" \/>\n<meta property=\"og:title\" content=\"Unterkunft - Villa Romantica\" \/>\n<meta property=\"og:description\" content=\"Your home away from home\" \/>\n<meta property=\"og:url\" content=\"https:\/\/villaromanticacorfu.com\/de\/accommodation\/\" \/>\n<meta property=\"og:site_name\" content=\"Villa Romantica\" \/>\n<meta property=\"article:modified_time\" content=\"2021-07-26T09:48:16+00:00\" \/>\n<meta property=\"og:image\" content=\"https:\/\/villaromanticacorfu.com\/wp-content\/uploads\/2021\/04\/AccommodatgionTop.jpg\" \/>\n\t<meta property=\"og:image:width\" content=\"1900\" \/>\n\t<meta property=\"og:image:height\" content=\"500\" \/>\n\t<meta property=\"og:image:type\" content=\"image\/jpeg\" \/>\n<meta name=\"twitter:card\" content=\"summary_large_image\" \/>\n<meta name=\"twitter:label1\" content=\"Gesch\u00e4tzte Lesezeit\" \/>\n\t<meta name=\"twitter:data1\" content=\"1 Minute\" \/>\n<script type=\"application\/ld+json\" class=\"yoast-schema-graph\">{\"@context\":\"https:\/\/schema.org\",\"@graph\":[{\"@type\":\"WebPage\",\"@id\":\"https:\/\/villaromanticacorfu.com\/de\/accommodation\/\",\"url\":\"https:\/\/villaromanticacorfu.com\/de\/accommodation\/\",\"name\":\"Unterkunft - Villa Romantica\",\"isPartOf\":{\"@id\":\"https:\/\/villaromanticacorfu.com\/de\/#website\"},\"datePublished\":\"2020-09-21T16:44:48+00:00\",\"dateModified\":\"2021-07-26T09:48:16+00:00\",\"breadcrumb\":{\"@id\":\"https:\/\/villaromanticacorfu.com\/de\/accommodation\/#breadcrumb\"},\"inLanguage\":\"de-DE\",\"potentialAction\":[{\"@type\":\"ReadAction\",\"target\":[\"https:\/\/villaromanticacorfu.com\/de\/accommodation\/\"]}]},{\"@type\":\"BreadcrumbList\",\"@id\":\"https:\/\/villaromanticacorfu.com\/de\/accommodation\/#breadcrumb\",\"itemListElement\":[{\"@type\":\"ListItem\",\"position\":1,\"name\":\"Home\",\"item\":\"https:\/\/villaromanticacorfu.com\/de\/\"},{\"@type\":\"ListItem\",\"position\":2,\"name\":\"Unterkunft\"}]},{\"@type\":\"WebSite\",\"@id\":\"https:\/\/villaromanticacorfu.com\/de\/#website\",\"url\":\"https:\/\/villaromanticacorfu.com\/de\/\",\"name\":\"Villa Romantica\",\"description\":\"Corfu Holidays - Kato Pavliana\",\"potentialAction\":[{\"@type\":\"SearchAction\",\"target\":{\"@type\":\"EntryPoint\",\"urlTemplate\":\"https:\/\/villaromanticacorfu.com\/de\/?s={search_term_string}\"},\"query-input\":\"required name=search_term_string\"}],\"inLanguage\":\"de-DE\"}]}<\/script>\n<!-- \/ Yoast SEO plugin. -->","yoast_head_json":{"title":"Unterkunft - Villa Romantica","robots":{"index":"index","follow":"follow","max-snippet":"max-snippet:-1","max-image-preview":"max-image-preview:large","max-video-preview":"max-video-preview:-1"},"canonical":"https:\/\/villaromanticacorfu.com\/de\/accommodation\/","og_locale":"de_DE","og_type":"article","og_title":"Unterkunft - Villa Romantica","og_description":"Your home away from home","og_url":"https:\/\/villaromanticacorfu.com\/de\/accommodation\/","og_site_name":"Villa Romantica","article_modified_time":"2021-07-26T09:48:16+00:00","og_image":[{"width":1900,"height":500,"url":"https:\/\/villaromanticacorfu.com\/wp-content\/uploads\/2021\/04\/AccommodatgionTop.jpg","type":"image\/jpeg"}],"twitter_card":"summary_large_image","twitter_misc":{"Gesch\u00e4tzte Lesezeit":"1 Minute"},"schema":{"@context":"https:\/\/schema.org","@graph":[{"@type":"WebPage","@id":"https:\/\/villaromanticacorfu.com\/de\/accommodation\/","url":"https:\/\/villaromanticacorfu.com\/de\/accommodation\/","name":"Unterkunft - Villa Romantica","isPartOf":{"@id":"https:\/\/villaromanticacorfu.com\/de\/#website"},"datePublished":"2020-09-21T16:44:48+00:00","dateModified":"2021-07-26T09:48:16+00:00","breadcrumb":{"@id":"https:\/\/villaromanticacorfu.com\/de\/accommodation\/#breadcrumb"},"inLanguage":"de-DE","potentialAction":[{"@type":"ReadAction","target":["https:\/\/villaromanticacorfu.com\/de\/accommodation\/"]}]},{"@type":"BreadcrumbList","@id":"https:\/\/villaromanticacorfu.com\/de\/accommodation\/#breadcrumb","itemListElement":[{"@type":"ListItem","position":1,"name":"Home","item":"https:\/\/villaromanticacorfu.com\/de\/"},{"@type":"ListItem","position":2,"name":"Unterkunft"}]},{"@type":"WebSite","@id":"https:\/\/villaromanticacorfu.com\/de\/#website","url":"https:\/\/villaromanticacorfu.com\/de\/","name":"Villa Romantica","description":"Corfu Holidays - Kato Pavliana","potentialAction":[{"@type":"SearchAction","target":{"@type":"EntryPoint","urlTemplate":"https:\/\/villaromanticacorfu.com\/de\/?s={search_term_string}"},"query-input":"required name=search_term_string"}],"inLanguage":"de-DE"}]}},"_links":{"self":[{"href":"https:\/\/villaromanticacorfu.com\/de\/wp-json\/wp\/v2\/pages\/3051"}],"collection":[{"href":"https:\/\/villaromanticacorfu.com\/de\/wp-json\/wp\/v2\/pages"}],"about":[{"href":"https:\/\/villaromanticacorfu.com\/de\/wp-json\/wp\/v2\/types\/page"}],"author":[{"embeddable":true,"href":"https:\/\/villaromanticacorfu.com\/de\/wp-json\/wp\/v2\/users\/1"}],"replies":[{"embeddable":true,"href":"https:\/\/villaromanticacorfu.com\/de\/wp-json\/wp\/v2\/comments?post=3051"}],"version-history":[{"count":3,"href":"https:\/\/villaromanticacorfu.com\/de\/wp-json\/wp\/v2\/pages\/3051\/revisions"}],"predecessor-version":[{"id":3110,"href":"https:\/\/villaromanticacorfu.com\/de\/wp-json\/wp\/v2\/pages\/3051\/revisions\/3110"}],"wp:attachment":[{"href":"https:\/\/villaromanticacorfu.com\/de\/wp-json\/wp\/v2\/media?parent=3051"}],"curies":[{"name":"wp","href":"https:\/\/api.w.org\/{rel}","templated":true}]}}